{"id":616,"date":"2020-11-02T11:53:59","date_gmt":"2020-11-02T11:53:59","guid":{"rendered":"https:\/\/www.uniferro.hu\/ueber-uns\/"},"modified":"2023-12-31T12:20:42","modified_gmt":"2023-12-31T11:20:42","slug":"ueber-uns","status":"publish","type":"page","link":"https:\/\/www.uniferro.hu\/de\/ueber-uns\/","title":{"rendered":"\u00dcber uns"},"content":{"rendered":"<p>Die Aktivit\u00e4ten von <strong>UNIFERRO GmbH.<\/strong> und der 1947 gegr\u00fcndeten juristischen Vorg\u00e4ngergenossenschaft betrafen in erster Linie die Planung, Herstellung und Implementierung von \u00d6fen, Kesselraumausr\u00fcstung, Druckbeh\u00e4ltern, kompletten W\u00e4rmeserviceeinheiten sowie Stahl und Metall Konstruktionen f\u00fcr die letzten 40 Jahre.<\/p>\n\n\n<p>Kessel werden im Leistungsbereich von 100 bis 10 000 kW zum Betanken von Gas, \u00d6l und im Leistungsbereich von 80 bis 5000 kW zum Brennen von Biomasse und f\u00fcr verschiedene Betriebsmethoden (warmes Wasser, hei\u00dfes Wasser, Dampf, Thermo\u00f6l) hergestellt ) nach individuellen W\u00fcnschen der Kunden.<\/p>\n\n\n\n<!--more-->\n\n\n\n<p>Das Unternehmen hat sich im Bereich der Entwicklung und Herstellung von energetischen Ger\u00e4ten kontinuierlich weiterentwickelt. Die Struktur der Produkte hat sich aufgrund der modernen Fertigungsbedingungen im Zusammenhang mit technischen, technologischen und Vor-Ort-Entwicklungen bereits erheblich erweitert.<\/p>\n\n\n<p>M\u00f6chten Sie einen <strong>kundenspezifischen Kessel oder eine Stahlkonstruktion<\/strong> herstellen? Schauen Sie sich unsere Produkte an und erkundigen Sie sich nach unseren Kontaktdaten!<\/p>\n<div id=\"gtx-trans\">\n<div class=\"gtx-trans-icon\">\u00a0<\/div>\n<\/div>\n\n\n<p>Die selbst geplanten Ger\u00e4te mit anerkannter Qualit\u00e4t werden haupts\u00e4chlich auf dem Energiemarkt Ungarns verkauft, sind aber auch in mehreren europ\u00e4ischen L\u00e4ndern zu finden. \u00d6fen, Druckbeh\u00e4lter werden gem\u00e4\u00df den Normen und Vorschriften der Europ\u00e4ischen Union geplant, hergestellt, gepr\u00fcft und qualit\u00e4tsbescheinigt.<\/p>\n\n\n\n<p>Die Gesch\u00e4ftsstrategie des Unternehmens besteht in der kontinuierlichen Verbesserung von Produkten und Produktion, damit die hergestellten Produkte und Dienstleistungen die Kunden- und Benutzeranforderungen in einem immer breiteren Spektrum erf\u00fcllen, die Wettbewerbsf\u00e4higkeit st\u00e4rken und einen wirtschaftlichen Betrieb auf lange Sicht gew\u00e4hrleisten k\u00f6nnen Begriff.<\/p>\n\n\n<p>Wir haben ein nach der Norm <strong>EN ISO 14001:2015 und EN ISO 9001:2015 zugelassenes Qualit\u00e4tssystem und ein Schwei\u00dferzeugnis EN ISO 3834-2, AD 2000 Mb. HPO<\/strong> sowie ein Autorit\u00e4tszertifikat MKEH-MMBH. Unsere Hauptt\u00e4tigkeit besteht in der Planung, Herstellung und Montage von Kesseln, Kesselraumteilen, Druckbeh\u00e4ltern (Tanks), kompletten Ofeneinheiten und Stahlwerken.<\/p>\n<div id=\"gtx-trans\">\n<div class=\"gtx-trans-icon\">\u00a0<\/div>\n<\/div>","protected":false},"excerpt":{"rendered":"<p>Die Aktivit\u00e4ten von UNIFERRO GmbH. und der 1947 gegr\u00fcndeten juristischen Vorg\u00e4ngergenossenschaft betrafen in erster Linie die Planung, Herstellung und Implementierung von \u00d6fen, Kesselraumausr\u00fcstung, Druckbeh\u00e4ltern, kompletten W\u00e4rmeserviceeinheiten sowie Stahl und Metall Konstruktionen f\u00fcr die letzten 40 Jahre. Kessel werden im Leistungsbereich von 100 bis 10 000 kW zum Betanken von Gas, \u00d6l und im Leistungsbereich von [&hellip;]<\/p>\n","protected":false},"author":1,"featured_media":135,"parent":0,"menu_order":0,"comment_status":"closed","ping_status":"closed","template":"","meta":[],"_links":{"self":[{"href":"https:\/\/www.uniferro.hu\/de\/wp-json\/wp\/v2\/pages\/616"}],"collection":[{"href":"https:\/\/www.uniferro.hu\/de\/wp-json\/wp\/v2\/pages"}],"about":[{"href":"https:\/\/www.uniferro.hu\/de\/wp-json\/wp\/v2\/types\/page"}],"author":[{"embeddable":true,"href":"https:\/\/www.uniferro.hu\/de\/wp-json\/wp\/v2\/users\/1"}],"replies":[{"embeddable":true,"href":"https:\/\/www.uniferro.hu\/de\/wp-json\/wp\/v2\/comments?post=616"}],"version-history":[{"count":3,"href":"https:\/\/www.uniferro.hu\/de\/wp-json\/wp\/v2\/pages\/616\/revisions"}],"predecessor-version":[{"id":1623,"href":"https:\/\/www.uniferro.hu\/de\/wp-json\/wp\/v2\/pages\/616\/revisions\/1623"}],"wp:featuredmedia":[{"embeddable":true,"href":"https:\/\/www.uniferro.hu\/de\/wp-json\/wp\/v2\/media\/135"}],"wp:attachment":[{"href":"https:\/\/www.uniferro.hu\/de\/wp-json\/wp\/v2\/media?parent=616"}],"curies":[{"name":"wp","href":"https:\/\/api.w.org\/{rel}","templated":true}]}}