{"id":621,"date":"2020-11-02T12:03:58","date_gmt":"2020-11-02T12:03:58","guid":{"rendered":"https:\/\/www.uniferro.hu\/kontakt\/"},"modified":"2025-05-15T10:37:31","modified_gmt":"2025-05-15T08:37:31","slug":"kontakt","status":"publish","type":"page","link":"https:\/\/www.uniferro.hu\/de\/kontakt\/","title":{"rendered":"Kontakt"},"content":{"rendered":"<p><\/p><p><strong>UNIFERRO GmbH.<\/strong><\/p>\n<p>\r<\/p>\n<div id=\"gtx-trans\">\r<p><\/p>\n<div class=\"gtx-trans-icon\">&nbsp;<\/div>\n<p>\r\n<\/p><\/div>\n<p><\/p>\n\n\n<p>H-8790 Zalaszentgr\u00f3t, M\u00e1jus 1 stra\u00dfe 23.<\/p>\n\n\n<p>Firmenregistrierungsnummer: 20-09-076421<br>Steuernummer: HU23876051-2-20<\/p>\n\n\n<div class=\"wp-block-columns has-2-columns\">\n<div class=\"wp-block-column\">\n<p><strong>CEO:<\/strong><br>Csaba P\u0150D\u00d6R<br>+36\/70\/408-0760<br><a href=\";\">podor.csaba@uniferro.hu<\/a><\/p>\n<\/div>\n\n\n\n<div class=\"wp-block-column\">\n<p><strong>Hauptb\u00fcro, Secretariat:<\/strong><br>+36\/83\/562-900<br><a href=\";\">uniferro@uniferro.hu<\/a><\/p>\n<\/div>\n<\/div>\n\n\n\n<div class=\"wp-block-columns has-2-columns\">\n<div class=\"wp-block-column\">\n<p><strong>Produktion:<\/strong><br>Tibor PETH\u0150<br>+36\/70\/420-0178<br><a href=\";\">muszak@uniferro.hu<\/a><\/p>\n<\/div>\n\n\n\n<div class=\"wp-block-column\">\n<p><strong>Technical Vorbereitung:<\/strong><br>Tibor PETH\u0150<br>+36\/70\/420-0178<br><a href=\";\">muszak2@uniferro.hu<\/a><\/p>\n<\/div>\n<\/div>\n\n\n\n<div class=\"wp-block-columns has-2-columns\">\n<div class=\"wp-block-column\">\n<p><strong>Buchhaltung:<\/strong><br>Klikk2Pro Group Kft. &amp; Csaba P\u0150D\u00d6R<\/p>\n\n\n\n<p><a href=\";\">egyklikkre@gmail.com<\/a><br><a href=\";\">konyveles@uniferro.hu<\/a><br><a href=\";\">penzugy@uniferro.hu<\/a><\/p>\n<\/div>\n\n\n\n<div class=\"wp-block-column\">\n<p><strong><strong>Qualit\u00e4tsabteilung<\/strong>:<\/strong><br><a href=\";\">mir@uniferro.hu<\/a><\/p>\n<\/div>\n<\/div>\n\n\n\n<div class=\"wp-block-columns has-2-columns\">\n<div class=\"wp-block-column\">\n<p><strong>Lagerung:<\/strong><br><a href=\";\">raktar@uniferro.hu<\/a><\/p>\n<\/div>\n\n\n\n<div class=\"wp-block-column\"><\/div>\n<\/div>\n\n\n<iframe src=\"https:\/\/www.google.com\/maps\/embed?pb=!1m18!1m12!1m3!1d2724.018165579096!2d17.081331915607578!3d46.94168207914631!2m3!1f0!2f0!3f0!3m2!1i1024!2i768!4f13.1!3m3!1m2!1s0x47692331d16f0a4d%3A0x3ae16f59bc521c71!2zVU5JRkVSUk8gS2F6w6FuIMOpcyBHw6lwZ3nDoXJ0w7MgS2Z0Lg!5e0!3m2!1shu!2shu!4v1566483814251!5m2!1shu!2shu\" width=\"100%\" height=\"500\" scrolling=\"yes\" class=\"iframe-class\" frameborder=\"0\"><\/iframe>\n\n\n\n\n<p>GPS-Koordinaten: N46,94182 \u00b0 \/ O17,08375 \u00b0<\/p>\n\n\n\n<h2>Nachricht senden<\/h2>\n\n\n<div role=\"form\" class=\"wpcf7\" id=\"wpcf7-f590-o1\" lang=\"de-DE\" dir=\"ltr\">\n<div class=\"screen-reader-response\"><p role=\"status\" aria-live=\"polite\" aria-atomic=\"true\"><\/p> <ul><\/ul><\/div>\n<form action=\"\/de\/wp-json\/wp\/v2\/pages\/621#wpcf7-f590-o1\" method=\"post\" class=\"wpcf7-form init\" novalidate=\"novalidate\" data-status=\"init\">\n<div style=\"display: none;\">\n<input type=\"hidden\" name=\"_wpcf7\" value=\"590\" \/>\n<input type=\"hidden\" name=\"_wpcf7_version\" value=\"5.3.2\" \/>\n<input type=\"hidden\" name=\"_wpcf7_locale\" value=\"de_DE\" \/>\n<input type=\"hidden\" name=\"_wpcf7_unit_tag\" value=\"wpcf7-f590-o1\" \/>\n<input type=\"hidden\" name=\"_wpcf7_container_post\" value=\"0\" \/>\n<input type=\"hidden\" name=\"_wpcf7_posted_data_hash\" value=\"\" \/>\n<\/div>\n<div class=\"row\">\n<div class=\"col-xs-12 col-sm-3\"><label>Name*<\/label><\/div>\n<div class=\"col-xs-12 col-sm-9\"><span class=\"wpcf7-form-control-wrap f-nev\"><input type=\"text\" name=\"f-nev\" value=\"\" size=\"40\" class=\"wpcf7-form-control wpcf7-text wpcf7-validates-as-required\" aria-required=\"true\" aria-invalid=\"false\" \/><\/span><\/div>\n<\/div>\n<div class=\"row\">\n<div class=\"col-xs-12 col-sm-3\"><label>Email *<\/label><\/div>\n<div class=\"col-xs-12 col-sm-9\"><span class=\"wpcf7-form-control-wrap f-email\"><input type=\"email\" name=\"f-email\" value=\"\" size=\"40\" class=\"wpcf7-form-control wpcf7-text wpcf7-email wpcf7-validates-as-required wpcf7-validates-as-email\" aria-required=\"true\" aria-invalid=\"false\" \/><\/span><\/div>\n<\/div>\n<div class=\"row\">\n<div class=\"col-xs-12 col-sm-3\"><label>Telefonnummer*<\/label><\/div>\n<div class=\"col-xs-12 col-sm-9\"><span class=\"wpcf7-form-control-wrap f-telefonszam\"><input type=\"tel\" name=\"f-telefonszam\" value=\"\" size=\"40\" class=\"wpcf7-form-control wpcf7-text wpcf7-tel wpcf7-validates-as-required wpcf7-validates-as-tel\" aria-required=\"true\" aria-invalid=\"false\" \/><\/span><\/div>\n<\/div>\n<div class=\"row\">\n<div class=\"col-xs-12 col-sm-3\"><label>Fragen, Notizen<\/label><\/div>\n<div class=\"col-xs-12 col-sm-9\"><span class=\"wpcf7-form-control-wrap f-kerdes-megjegyzes\"><textarea name=\"f-kerdes-megjegyzes\" cols=\"40\" rows=\"10\" class=\"wpcf7-form-control wpcf7-textarea\" aria-invalid=\"false\"><\/textarea><\/span><\/div>\n<\/div>\n<div class=\"row\">\n<div class=\"col-xs-12 offset-sm-3\"><span class=\"wpcf7-form-control-wrap acceptance-pp\"><span class=\"wpcf7-form-control wpcf7-acceptance\"><span class=\"wpcf7-list-item\"><label><input type=\"checkbox\" name=\"acceptance-pp\" value=\"1\" aria-invalid=\"false\" \/><span class=\"wpcf7-list-item-label\">Akzeptanz von Datenverwaltungsinformationen<\/span><\/label><\/span><\/span><\/span><\/div>\n<\/div>\n<div class=\"row\">\n<div class=\"col-xs-12 center-block text-center\">\n<input type=\"submit\" value=\"Senden\" class=\"wpcf7-form-control wpcf7-submit\" \/>\n<\/div>\n<\/div>\n<div class=\"wpcf7-response-output\" aria-hidden=\"true\"><\/div><\/form><\/div>\n","protected":false},"excerpt":{"rendered":"<p>UNIFERRO GmbH. &nbsp; H-8790 Zalaszentgr\u00f3t, M\u00e1jus 1 stra\u00dfe 23. Firmenregistrierungsnummer: 20-09-076421Steuernummer: HU23876051-2-20 CEO:Csaba P\u0150D\u00d6R+36\/70\/408-0760podor.csaba@uniferro.hu Hauptb\u00fcro, Secretariat:+36\/83\/562-900uniferro@uniferro.hu Produktion:Tibor PETH\u0150+36\/70\/420-0178muszak@uniferro.hu Technical Vorbereitung:Tibor PETH\u0150+36\/70\/420-0178muszak2@uniferro.hu Buchhaltung:Klikk2Pro Group Kft. &amp; Csaba P\u0150D\u00d6R egyklikkre@gmail.comkonyveles@uniferro.hupenzugy@uniferro.hu Qualit\u00e4tsabteilung:mir@uniferro.hu Lagerung:raktar@uniferro.hu GPS-Koordinaten: N46,94182 \u00b0 \/ O17,08375 \u00b0 Nachricht senden<\/p>\n","protected":false},"author":1,"featured_media":0,"parent":0,"menu_order":0,"comment_status":"closed","ping_status":"closed","template":"","meta":[],"_links":{"self":[{"href":"https:\/\/www.uniferro.hu\/de\/wp-json\/wp\/v2\/pages\/621"}],"collection":[{"href":"https:\/\/www.uniferro.hu\/de\/wp-json\/wp\/v2\/pages"}],"about":[{"href":"https:\/\/www.uniferro.hu\/de\/wp-json\/wp\/v2\/types\/page"}],"author":[{"embeddable":true,"href":"https:\/\/www.uniferro.hu\/de\/wp-json\/wp\/v2\/users\/1"}],"replies":[{"embeddable":true,"href":"https:\/\/www.uniferro.hu\/de\/wp-json\/wp\/v2\/comments?post=621"}],"version-history":[{"count":8,"href":"https:\/\/www.uniferro.hu\/de\/wp-json\/wp\/v2\/pages\/621\/revisions"}],"predecessor-version":[{"id":2815,"href":"https:\/\/www.uniferro.hu\/de\/wp-json\/wp\/v2\/pages\/621\/revisions\/2815"}],"wp:attachment":[{"href":"https:\/\/www.uniferro.hu\/de\/wp-json\/wp\/v2\/media?parent=621"}],"curies":[{"name":"wp","href":"https:\/\/api.w.org\/{rel}","templated":true}]}}