{"id":623,"date":"2020-11-02T12:05:58","date_gmt":"2020-11-02T12:05:58","guid":{"rendered":"https:\/\/www.uniferro.hu\/startseite\/"},"modified":"2020-11-02T12:05:59","modified_gmt":"2020-11-02T12:05:59","slug":"startseite","status":"publish","type":"page","link":"https:\/\/www.uniferro.hu\/de\/","title":{"rendered":"Startseite"},"content":{"rendered":"\n<p>Willkommen auf der Website von Uniferro Kft!<\/p>\n\n<p class=\"has-text-align-center\"><p>Suchen Sie einen <strong>Kesselhersteller und -bauer<\/strong>? Sehen Sie sich unsere Angebote an oder erkundigen Sie sich f\u00fcr weitere Informationen unter unseren Kontaktdaten!<br \/><a href=\"tel:+36704200178\">+36\/70\/420-0178<\/a><br \/><a href=\"tel:+3683562900\">+36\/83\/562-900<\/a><\/p><\/p>\n\n<p><p>Die Aktivit\u00e4ten von <strong>UNIFERRO GmbH<\/strong>. und der 1947 gegr\u00fcndeten Vorg\u00e4ngergenossenschaft sind seit langem von der Produktion und dem Bau von Kesseln, Kesselhausger\u00e4ten, Druckbeh\u00e4ltern, kompletten W\u00e4rmeversorgungseinheiten sowie Stahl- und Metallkonstruktionen gepr\u00e4gt.<\/p>&#013;\n<div id=\"gtx-trans\">&#013;\n<div class=\"gtx-trans-icon\">\u00a0<\/div>&#013;\n<\/div><\/p>\n","protected":false},"excerpt":{"rendered":"<p>Willkommen auf der Website von Uniferro Kft! Suchen Sie einen Kesselhersteller und -bauer? Sehen Sie sich unsere Angebote an oder erkundigen Sie sich f\u00fcr weitere Informationen unter unseren Kontaktdaten!+36\/70\/420-0178+36\/83\/562-900 Die Aktivit\u00e4ten von UNIFERRO GmbH. und der 1947 gegr\u00fcndeten Vorg\u00e4ngergenossenschaft sind seit langem von der Produktion und dem Bau von Kesseln, Kesselhausger\u00e4ten, Druckbeh\u00e4ltern, kompletten W\u00e4rmeversorgungseinheiten sowie [&hellip;]<\/p>\n","protected":false},"author":1,"featured_media":0,"parent":0,"menu_order":0,"comment_status":"closed","ping_status":"open","template":"templates\/front-page.php","meta":[],"_links":{"self":[{"href":"https:\/\/www.uniferro.hu\/de\/wp-json\/wp\/v2\/pages\/623"}],"collection":[{"href":"https:\/\/www.uniferro.hu\/de\/wp-json\/wp\/v2\/pages"}],"about":[{"href":"https:\/\/www.uniferro.hu\/de\/wp-json\/wp\/v2\/types\/page"}],"author":[{"embeddable":true,"href":"https:\/\/www.uniferro.hu\/de\/wp-json\/wp\/v2\/users\/1"}],"replies":[{"embeddable":true,"href":"https:\/\/www.uniferro.hu\/de\/wp-json\/wp\/v2\/comments?post=623"}],"version-history":[{"count":1,"href":"https:\/\/www.uniferro.hu\/de\/wp-json\/wp\/v2\/pages\/623\/revisions"}],"predecessor-version":[{"id":624,"href":"https:\/\/www.uniferro.hu\/de\/wp-json\/wp\/v2\/pages\/623\/revisions\/624"}],"wp:attachment":[{"href":"https:\/\/www.uniferro.hu\/de\/wp-json\/wp\/v2\/media?parent=623"}],"curies":[{"name":"wp","href":"https:\/\/api.w.org\/{rel}","templated":true}]}}