{"id":606,"date":"2019-08-28T18:23:37","date_gmt":"2019-08-28T18:23:37","guid":{"rendered":"https:\/\/www.uniferro.hu\/termek\/tanks-luftbehalter\/"},"modified":"2020-11-29T19:28:33","modified_gmt":"2020-11-29T19:28:33","slug":"tanks-luftbehalter","status":"publish","type":"product","link":"https:\/\/www.uniferro.hu\/de\/termek\/tanks-luftbehalter\/","title":{"rendered":"Tanks, Luftbeh\u00e4lter"},"content":{"rendered":"","protected":false},"excerpt":{"rendered":"<p>Unser Unternehmen verf\u00fcgt \u00fcber umfangreiche Erfahrung in der Herstellung von Tanks und Druckbeh\u00e4ltern, die wir haupts\u00e4chlich als Serviceeinheit f\u00fcr Kessel liefern, aber auch separate Auftr\u00e4ge erf\u00fcllen. Die MPT- und MPT-H-Tanks k\u00f6nnen als Heizpufferspeicher und Warmwasserspeicher in verschiedenen Heizsystemen verwendet werden. F\u00fcr Dampfsysteme empfehlen wir unsere Kondensatbeh\u00e4lter vom Typ KT.<\/p>\n","protected":false},"featured_media":372,"template":"","meta":[],"_links":{"self":[{"href":"https:\/\/www.uniferro.hu\/de\/wp-json\/wp\/v2\/product\/606"}],"collection":[{"href":"https:\/\/www.uniferro.hu\/de\/wp-json\/wp\/v2\/product"}],"about":[{"href":"https:\/\/www.uniferro.hu\/de\/wp-json\/wp\/v2\/types\/product"}],"wp:featuredmedia":[{"embeddable":true,"href":"https:\/\/www.uniferro.hu\/de\/wp-json\/wp\/v2\/media\/372"}],"wp:attachment":[{"href":"https:\/\/www.uniferro.hu\/de\/wp-json\/wp\/v2\/media?parent=606"}],"curies":[{"name":"wp","href":"https:\/\/api.w.org\/{rel}","templated":true}]}}