{"id":609,"date":"2019-08-28T18:07:57","date_gmt":"2019-08-28T18:07:57","guid":{"rendered":"https:\/\/www.uniferro.hu\/termek\/raumelementen-warmcentralen\/"},"modified":"2020-12-08T12:26:29","modified_gmt":"2020-12-08T12:26:29","slug":"raumelementen-warmcentralen","status":"publish","type":"product","link":"https:\/\/www.uniferro.hu\/de\/termek\/raumelementen-warmcentralen\/","title":{"rendered":"Raumelementen Warmcentralen"},"content":{"rendered":"<iframe class=\"wonderplugin-pdf-iframe\" src=\"https:\/\/www.uniferro.hu\/wp-content\/plugins\/wonderplugin-pdf-embed\/pdfjs\/web\/viewer.html?file=https%3A%2F%2Fwww.uniferro.hu%2Fwp-content%2Fuploads%2F2019%2F08%2Fterelemes-hokozpont_2019.pdf\" width=\"100%\" style=\"border: none; height: 80vh\"><\/iframe>\n","protected":false},"excerpt":{"rendered":"<p>Ein mobiles Heizzentrum vom Containertyp ist eine mit \u00d6l, Gas oder Biomasse befeuerte Version, die zum Heizen von W\u00e4rme oder Industrietechnologie f\u00fcr verschiedene Einrichtungen geeignet ist. Das stahlstrukturierte Raumelement, das die mechanischen Anforderungen und das Handling ber\u00fccksichtigt, umfasst W\u00e4rme- oder technologische Dampferzeugungseinheiten sowie die f\u00fcr ihren Betrieb erforderlichen elektrischen Ger\u00e4te und Automatisierungen.<\/p>\n","protected":false},"featured_media":86,"template":"","meta":[],"_links":{"self":[{"href":"https:\/\/www.uniferro.hu\/de\/wp-json\/wp\/v2\/product\/609"}],"collection":[{"href":"https:\/\/www.uniferro.hu\/de\/wp-json\/wp\/v2\/product"}],"about":[{"href":"https:\/\/www.uniferro.hu\/de\/wp-json\/wp\/v2\/types\/product"}],"wp:featuredmedia":[{"embeddable":true,"href":"https:\/\/www.uniferro.hu\/de\/wp-json\/wp\/v2\/media\/86"}],"wp:attachment":[{"href":"https:\/\/www.uniferro.hu\/de\/wp-json\/wp\/v2\/media?parent=609"}],"curies":[{"name":"wp","href":"https:\/\/api.w.org\/{rel}","templated":true}]}}