{"id":615,"date":"2019-08-21T18:15:24","date_gmt":"2019-08-21T18:15:24","guid":{"rendered":"https:\/\/www.uniferro.hu\/termek\/biomassekessel\/"},"modified":"2020-11-02T14:59:43","modified_gmt":"2020-11-02T14:59:43","slug":"biomassekessel","status":"publish","type":"product","link":"https:\/\/www.uniferro.hu\/de\/termek\/biomassekessel\/","title":{"rendered":"Biomassekessel"},"content":{"rendered":"<iframe class=\"wonderplugin-pdf-iframe\" src=\"https:\/\/www.uniferro.hu\/wp-content\/plugins\/wonderplugin-pdf-embed\/pdfjs\/web\/viewer.html?file=https%3A%2F%2Fwww.uniferro.hu%2Fwp-content%2Fuploads%2F2019%2F08%2Fufa-biomassza-tuzelesu-kazanok_ut_2019-hu.pdf\" width=\"100%\" style=\"border: none; height: 80vh\"><\/iframe>\n","protected":false},"excerpt":{"rendered":"<p>Der Kessel besteht aus einem Feuerraum mit einem speziellen feuerfesten Mauerwerk, einer Mehrzonen-Brennkammer und einem Vorheizsystem mit Verbrennungsluft sowie einem rauchf\u00f6rmigen W\u00e4rmetauscher. Das Einbringen von Mehrfachverbrennungsluft und das Vorheizen der Verbrennungsluft gew\u00e4hrleisten eine perfekte Verbrennung. Die bewegliche Roststruktur und das robuste Design machen das Ger\u00e4t auch zum Verbrennen von Kraftstoff mit hohem Aschegehalt geeignet<\/p>\n","protected":false},"featured_media":369,"template":"","meta":[],"_links":{"self":[{"href":"https:\/\/www.uniferro.hu\/de\/wp-json\/wp\/v2\/product\/615"}],"collection":[{"href":"https:\/\/www.uniferro.hu\/de\/wp-json\/wp\/v2\/product"}],"about":[{"href":"https:\/\/www.uniferro.hu\/de\/wp-json\/wp\/v2\/types\/product"}],"wp:featuredmedia":[{"embeddable":true,"href":"https:\/\/www.uniferro.hu\/de\/wp-json\/wp\/v2\/media\/369"}],"wp:attachment":[{"href":"https:\/\/www.uniferro.hu\/de\/wp-json\/wp\/v2\/media?parent=615"}],"curies":[{"name":"wp","href":"https:\/\/api.w.org\/{rel}","templated":true}]}}