{"id":2,"date":"2019-07-25T16:56:33","date_gmt":"2019-07-25T16:56:33","guid":{"rendered":"https:\/\/www.uniferro.hu\/?page_id=2"},"modified":"2023-12-31T11:50:26","modified_gmt":"2023-12-31T10:50:26","slug":"ez-egy-minta-oldal","status":"publish","type":"page","link":"https:\/\/www.uniferro.hu\/hu\/","title":{"rendered":"F\u0151oldal"},"content":{"rendered":"\n<p>\u00dcdv\u00f6z\u00f6lj\u00fck az Uniferro Kft weboldal\u00e1n!<\/p>\n\n\n\n<p class=\"has-text-align-center\"><strong>Kaz\u00e1ngy\u00e1rt\u00f3<\/strong> \u00e9s <strong>kivitelez\u0151<\/strong> c\u00e9get keres? Tekintse meg aj\u00e1nlatainkat vagy \u00e9rdekl\u0151dj\u00f6n b\u0151vebb inform\u00e1ci\u00f3k\u00e9rt el\u00e9rhet\u0151s\u00e9geinken!<br><a href=\"tel:+3670408-0760\">+36\/70\/408-0760<\/a><br><a href=\"tel:+3683562900\">+36\/83\/562-900<\/a><\/p>\n\n\n\n<p>Az <strong>UNIFERRO Kft.<\/strong>, ill. az 1947-ben alap\u00edtott jogel\u0151d sz\u00f6vetkezet tev\u00e9kenys\u00e9g\u00e9t r\u00e9g\u00f3ta kaz\u00e1nok, kaz\u00e1nh\u00e1zi berendez\u00e9sek, nyom\u00e1start\u00f3 ed\u00e9nyek, komplett h\u0151szolg\u00e1ltat\u00f3 egys\u00e9gek, valamint ac\u00e9l \u00e9s f\u00e9mszerkezetek tervez\u00e9se gy\u00e1rt\u00e1sa \u00e9s kivitelez\u00e9se hat\u00e1rozza meg. <\/p>\n","protected":false},"excerpt":{"rendered":"<p>\u00dcdv\u00f6z\u00f6lj\u00fck az Uniferro Kft weboldal\u00e1n! Kaz\u00e1ngy\u00e1rt\u00f3 \u00e9s kivitelez\u0151 c\u00e9get keres? Tekintse meg aj\u00e1nlatainkat vagy \u00e9rdekl\u0151dj\u00f6n b\u0151vebb inform\u00e1ci\u00f3k\u00e9rt el\u00e9rhet\u0151s\u00e9geinken!+36\/70\/408-0760+36\/83\/562-900 Az UNIFERRO Kft., ill. az 1947-ben alap\u00edtott jogel\u0151d sz\u00f6vetkezet tev\u00e9kenys\u00e9g\u00e9t r\u00e9g\u00f3ta kaz\u00e1nok, kaz\u00e1nh\u00e1zi berendez\u00e9sek, nyom\u00e1start\u00f3 ed\u00e9nyek, komplett h\u0151szolg\u00e1ltat\u00f3 egys\u00e9gek, valamint ac\u00e9l \u00e9s f\u00e9mszerkezetek tervez\u00e9se gy\u00e1rt\u00e1sa \u00e9s kivitelez\u00e9se hat\u00e1rozza meg.<\/p>\n","protected":false},"author":1,"featured_media":0,"parent":0,"menu_order":0,"comment_status":"closed","ping_status":"open","template":"templates\/front-page.php","meta":[],"_links":{"self":[{"href":"https:\/\/www.uniferro.hu\/hu\/wp-json\/wp\/v2\/pages\/2"}],"collection":[{"href":"https:\/\/www.uniferro.hu\/hu\/wp-json\/wp\/v2\/pages"}],"about":[{"href":"https:\/\/www.uniferro.hu\/hu\/wp-json\/wp\/v2\/types\/page"}],"author":[{"embeddable":true,"href":"https:\/\/www.uniferro.hu\/hu\/wp-json\/wp\/v2\/users\/1"}],"replies":[{"embeddable":true,"href":"https:\/\/www.uniferro.hu\/hu\/wp-json\/wp\/v2\/comments?post=2"}],"version-history":[{"count":5,"href":"https:\/\/www.uniferro.hu\/hu\/wp-json\/wp\/v2\/pages\/2\/revisions"}],"predecessor-version":[{"id":1611,"href":"https:\/\/www.uniferro.hu\/hu\/wp-json\/wp\/v2\/pages\/2\/revisions\/1611"}],"wp:attachment":[{"href":"https:\/\/www.uniferro.hu\/hu\/wp-json\/wp\/v2\/media?parent=2"}],"curies":[{"name":"wp","href":"https:\/\/api.w.org\/{rel}","templated":true}]}}