{"id":313,"date":"2019-10-27T18:28:49","date_gmt":"2019-10-27T18:28:49","guid":{"rendered":"https:\/\/www.uniferro.hu\/?page_id=313"},"modified":"2024-09-29T16:07:54","modified_gmt":"2024-09-29T14:07:54","slug":"allasajanlatok","status":"publish","type":"page","link":"https:\/\/www.uniferro.hu\/hu\/allasajanlatok\/","title":{"rendered":"\u00c1ll\u00e1saj\u00e1nlatok"},"content":{"rendered":"\n<p>\u00daj term\u00e9kk\u00f6r\u00fcnk gy\u00e1rt\u00e1sind\u00edt\u00e1s\u00e1hoz b\u0151v\u00edtj\u00fck Csapatunkat!<\/p>\n\n\n\n<p>GY\u00c1RT\u00c1STECHNOL\u00d3GUS, HEGESZT\u0150, AWI HEGESZT\u0150, LAKATOS<\/p>\n\n\n\n<div class=\"wp-block-columns are-vertically-aligned-top\">\n<div class=\"wp-block-column is-vertically-aligned-top\" style=\"flex-basis:100%\">\n<div class=\"wp-block-group\"><div class=\"wp-block-group__inner-container\">\n<div class=\"wp-block-file\"><a href=\"https:\/\/www.uniferro.hu\/wp-content\/uploads\/2024\/09\/jobprofil-lakatos-hegeszto-uniferro-2024.pdf\">Jobprofil-Lakatos, hegeszt\u0151_UNIFERRO_2024.<\/a><a href=\"https:\/\/www.uniferro.hu\/wp-content\/uploads\/2024\/09\/jobprofil-lakatos-hegeszto-uniferro-2024.pdf\" class=\"wp-block-file__button\" download>Let\u00f6lt\u00e9s<\/a><\/div>\n<\/div><\/div>\n<\/div>\n<\/div>\n\n\n\n<p><a href=\"https:\/\/www.uniferro.hu\/kapcsolat\/\">K\u00dcLDJE EL MOST SZAKMAI \u00d6N\u00c9LETRAJZ\u00c1T<\/a>!  <\/p>\n","protected":false},"excerpt":{"rendered":"<p>\u00daj term\u00e9kk\u00f6r\u00fcnk gy\u00e1rt\u00e1sind\u00edt\u00e1s\u00e1hoz b\u0151v\u00edtj\u00fck Csapatunkat! GY\u00c1RT\u00c1STECHNOL\u00d3GUS, HEGESZT\u0150, AWI HEGESZT\u0150, LAKATOS K\u00dcLDJE EL MOST SZAKMAI \u00d6N\u00c9LETRAJZ\u00c1T!<\/p>\n","protected":false},"author":1,"featured_media":0,"parent":0,"menu_order":0,"comment_status":"open","ping_status":"closed","template":"","meta":[],"_links":{"self":[{"href":"https:\/\/www.uniferro.hu\/hu\/wp-json\/wp\/v2\/pages\/313"}],"collection":[{"href":"https:\/\/www.uniferro.hu\/hu\/wp-json\/wp\/v2\/pages"}],"about":[{"href":"https:\/\/www.uniferro.hu\/hu\/wp-json\/wp\/v2\/types\/page"}],"author":[{"embeddable":true,"href":"https:\/\/www.uniferro.hu\/hu\/wp-json\/wp\/v2\/users\/1"}],"replies":[{"embeddable":true,"href":"https:\/\/www.uniferro.hu\/hu\/wp-json\/wp\/v2\/comments?post=313"}],"version-history":[{"count":11,"href":"https:\/\/www.uniferro.hu\/hu\/wp-json\/wp\/v2\/pages\/313\/revisions"}],"predecessor-version":[{"id":2301,"href":"https:\/\/www.uniferro.hu\/hu\/wp-json\/wp\/v2\/pages\/313\/revisions\/2301"}],"wp:attachment":[{"href":"https:\/\/www.uniferro.hu\/hu\/wp-json\/wp\/v2\/media?parent=313"}],"curies":[{"name":"wp","href":"https:\/\/api.w.org\/{rel}","templated":true}]}}