{"id":352,"date":"2019-11-06T11:34:27","date_gmt":"2019-11-06T11:34:27","guid":{"rendered":"https:\/\/www.uniferro.hu\/?page_id=352"},"modified":"2021-10-04T11:15:37","modified_gmt":"2021-10-04T09:15:37","slug":"palyazataink","status":"publish","type":"page","link":"https:\/\/www.uniferro.hu\/hu\/palyazataink\/","title":{"rendered":"P\u00e1ly\u00e1zataink"},"content":{"rendered":"\n<div class=\"wp-block-image is-style-default\"><figure class=\"aligncenter size-large is-resized\"><img loading=\"lazy\" src=\"https:\/\/www.uniferro.hu\/wp-content\/uploads\/2021\/10\/szechenyi2020-1.jpg\" alt=\"\" class=\"wp-image-774\" width=\"321\" height=\"222\" srcset=\"https:\/\/www.uniferro.hu\/wp-content\/uploads\/2021\/10\/szechenyi2020-1.jpg 1057w, https:\/\/www.uniferro.hu\/wp-content\/uploads\/2021\/10\/szechenyi2020-1-578x400.jpg 578w, https:\/\/www.uniferro.hu\/wp-content\/uploads\/2021\/10\/szechenyi2020-1-800x554.jpg 800w, https:\/\/www.uniferro.hu\/wp-content\/uploads\/2021\/10\/szechenyi2020-1-116x80.jpg 116w\" sizes=\"(max-width: 321px) 100vw, 321px\" \/><figcaption>Az Uniferro Technic Kft. a GINOP\u20138.3.5-18\/B azonos\u00edt\u00f3 sz\u00e1m\u00fa<strong>\u00a0\u201eMikro-, kis- \u00e9s k\u00f6z\u00e9pv\u00e1llalkoz\u00e1sok technol\u00f3giai korszer\u0171s\u00edt\u00e9se\u201d\u00a0<\/strong>c\u00edm\u0171 Hitelprogram keret\u00e9ben 53 milli\u00f3 forint visszat\u00e9r\u00edtend\u0151 hitelt\u00e1mogat\u00e1st nyert.<\/figcaption><\/figure><\/div>\n\n\n\n<p><\/p>\n","protected":false},"excerpt":{"rendered":"","protected":false},"author":1,"featured_media":0,"parent":0,"menu_order":0,"comment_status":"closed","ping_status":"closed","template":"","meta":[],"_links":{"self":[{"href":"https:\/\/www.uniferro.hu\/hu\/wp-json\/wp\/v2\/pages\/352"}],"collection":[{"href":"https:\/\/www.uniferro.hu\/hu\/wp-json\/wp\/v2\/pages"}],"about":[{"href":"https:\/\/www.uniferro.hu\/hu\/wp-json\/wp\/v2\/types\/page"}],"author":[{"embeddable":true,"href":"https:\/\/www.uniferro.hu\/hu\/wp-json\/wp\/v2\/users\/1"}],"replies":[{"embeddable":true,"href":"https:\/\/www.uniferro.hu\/hu\/wp-json\/wp\/v2\/comments?post=352"}],"version-history":[{"count":6,"href":"https:\/\/www.uniferro.hu\/hu\/wp-json\/wp\/v2\/pages\/352\/revisions"}],"predecessor-version":[{"id":780,"href":"https:\/\/www.uniferro.hu\/hu\/wp-json\/wp\/v2\/pages\/352\/revisions\/780"}],"wp:attachment":[{"href":"https:\/\/www.uniferro.hu\/hu\/wp-json\/wp\/v2\/media?parent=352"}],"curies":[{"name":"wp","href":"https:\/\/api.w.org\/{rel}","templated":true}]}}