{"id":56,"date":"2019-08-21T17:41:04","date_gmt":"2019-08-21T17:41:04","guid":{"rendered":"https:\/\/www.uniferro.hu\/?page_id=56"},"modified":"2025-05-15T10:10:25","modified_gmt":"2025-05-15T08:10:25","slug":"kapcsolat","status":"publish","type":"page","link":"https:\/\/www.uniferro.hu\/hu\/kapcsolat\/","title":{"rendered":"Kapcsolat"},"content":{"rendered":"\n<p><strong>UNIFERRO Kft.<\/strong><\/p>\n\n\n\n<p>8790 Zalaszentgr\u00f3t, M\u00e1jus 1 utca 23.<\/p>\n\n\n\n<p>C\u00e9gjegyz\u00e9ksz\u00e1m: 20-09-076421 <br>Ad\u00f3sz\u00e1m: 23876051-2-20<\/p>\n\n\n\n<div class=\"wp-block-columns has-2-columns\">\n<div class=\"wp-block-column\">\n<p><strong>\u00dcgyvezet\u0151 igazgat\u00f3:<\/strong><br>P\u0150D\u00d6R Csaba<br>+36\/70\/408-0760<br>podor.csaba@uniferro.hu <\/p>\n<\/div>\n\n\n\n<div class=\"wp-block-column\">\n<p><strong>K\u00f6zpont \/ Titk\u00e1rs\u00e1g:<\/strong><br>+36\/83\/562-900<br>uniferro@uniferro.hu <\/p>\n<\/div>\n<\/div>\n\n\n\n<div class=\"wp-block-columns has-2-columns\">\n<div class=\"wp-block-column\">\n<p><strong>Termel\u00e9s:<\/strong><br>PETH\u0150 Tibor<br>+36\/70\/420-0178<br>muszak@uniferro.hu <\/p>\n<\/div>\n\n\n\n<div class=\"wp-block-column\">\n<p><strong>M\u0171szaki el\u0151k\u00e9sz\u00edt\u00e9s:<\/strong><br>PETH\u0150 Tibor<br>+36\/70\/420-0178<br>muszak@uniferro.hu<\/p>\n<\/div>\n<\/div>\n\n\n\n<div class=\"wp-block-columns has-2-columns\">\n<div class=\"wp-block-column\">\n<p><strong>K\u00f6nyvel\u00e9s-P\u00e9nz\u00fcgy:<\/strong><br>Klikk2Pro Group Kft. &amp; P\u0150D\u00d6R Csaba<\/p>\n\n\n\n<p>egyklikkre@gmail.com  <\/p>\n\n\n\n<p>konyveles@uniferro.hu<br>penzugy@uniferro.hu <\/p>\n<\/div>\n\n\n\n<div class=\"wp-block-column\">\n<p><strong>Min\u0151s\u00e9g\u00fcgy-MEO:<\/strong><br>mir@uniferro.hu\n\n<\/p>\n<\/div>\n<\/div>\n\n\n\n<div class=\"wp-block-columns has-2-columns\">\n<div class=\"wp-block-column\">\n<p><strong>Rakt\u00e1rgazd\u00e1lkod\u00e1s:<\/strong><br>raktar@uniferro.hu <\/p>\n<\/div>\n\n\n\n<div class=\"wp-block-column\"><\/div>\n<\/div>\n\n\n<iframe src=\"https:\/\/www.google.com\/maps\/embed?pb=!1m18!1m12!1m3!1d2724.018165579096!2d17.081331915607578!3d46.94168207914631!2m3!1f0!2f0!3f0!3m2!1i1024!2i768!4f13.1!3m3!1m2!1s0x47692331d16f0a4d%3A0x3ae16f59bc521c71!2zVU5JRkVSUk8gS2F6w6FuIMOpcyBHw6lwZ3nDoXJ0w7MgS2Z0Lg!5e0!3m2!1shu!2shu!4v1566483814251!5m2!1shu!2shu\" width=\"100%\" height=\"500\" scrolling=\"yes\" class=\"iframe-class\" frameborder=\"0\"><\/iframe>\n\n\n\n\n<p>GPS koordin\u00e1ta: \u00c946,94182\u00b0 \/ K17,08375\u00b0<\/p>\n\n\n\n<h2>\u00dczenet k\u00fcld\u00e9se<\/h2>\n\n\n<div role=\"form\" class=\"wpcf7\" id=\"wpcf7-f167-o1\" lang=\"hu-HU\" dir=\"ltr\">\n<div class=\"screen-reader-response\"><p role=\"status\" aria-live=\"polite\" aria-atomic=\"true\"><\/p> <ul><\/ul><\/div>\n<form action=\"\/hu\/wp-json\/wp\/v2\/pages\/56#wpcf7-f167-o1\" method=\"post\" class=\"wpcf7-form init\" novalidate=\"novalidate\" data-status=\"init\">\n<div style=\"display: none;\">\n<input type=\"hidden\" name=\"_wpcf7\" value=\"167\" \/>\n<input type=\"hidden\" name=\"_wpcf7_version\" value=\"5.3.2\" \/>\n<input type=\"hidden\" name=\"_wpcf7_locale\" value=\"hu_HU\" \/>\n<input type=\"hidden\" name=\"_wpcf7_unit_tag\" value=\"wpcf7-f167-o1\" \/>\n<input type=\"hidden\" name=\"_wpcf7_container_post\" value=\"0\" \/>\n<input type=\"hidden\" name=\"_wpcf7_posted_data_hash\" value=\"\" \/>\n<\/div>\n<div class=\"row\">\n<div class=\"col-xs-12 col-sm-3\"><label>N\u00e9v *<\/label><\/div>\n<div class=\"col-xs-12 col-sm-9\"><span class=\"wpcf7-form-control-wrap f-nev\"><input type=\"text\" name=\"f-nev\" value=\"\" size=\"40\" class=\"wpcf7-form-control wpcf7-text wpcf7-validates-as-required\" aria-required=\"true\" aria-invalid=\"false\" \/><\/span><\/div>\n<\/div>\n<div class=\"row\">\n<div class=\"col-xs-12 col-sm-3\"><label>Email c\u00edm *<\/label><\/div>\n<div class=\"col-xs-12 col-sm-9\"><span class=\"wpcf7-form-control-wrap f-email\"><input type=\"email\" name=\"f-email\" value=\"\" size=\"40\" class=\"wpcf7-form-control wpcf7-text wpcf7-email wpcf7-validates-as-required wpcf7-validates-as-email\" aria-required=\"true\" aria-invalid=\"false\" \/><\/span><\/div>\n<\/div>\n<div class=\"row\">\n<div class=\"col-xs-12 col-sm-3\"><label>Telefonsz\u00e1m *<\/label><\/div>\n<div class=\"col-xs-12 col-sm-9\"><span class=\"wpcf7-form-control-wrap f-telefonszam\"><input type=\"tel\" name=\"f-telefonszam\" value=\"\" size=\"40\" class=\"wpcf7-form-control wpcf7-text wpcf7-tel wpcf7-validates-as-required wpcf7-validates-as-tel\" aria-required=\"true\" aria-invalid=\"false\" \/><\/span><\/div>\n<\/div>\n<div class=\"row\">\n<div class=\"col-xs-12 col-sm-3\"><label>K\u00e9rd\u00e9s, megjegyz\u00e9s<\/label><\/div>\n<div class=\"col-xs-12 col-sm-9\"><span class=\"wpcf7-form-control-wrap f-kerdes-megjegyzes\"><textarea name=\"f-kerdes-megjegyzes\" cols=\"40\" rows=\"10\" class=\"wpcf7-form-control wpcf7-textarea\" aria-invalid=\"false\"><\/textarea><\/span><\/div>\n<\/div>\n<div class=\"row\">\n<div class=\"col-xs-12 offset-sm-3\"><span class=\"wpcf7-form-control-wrap acceptance-pp\"><span class=\"wpcf7-form-control wpcf7-acceptance\"><span class=\"wpcf7-list-item\"><label><input type=\"checkbox\" name=\"acceptance-pp\" value=\"1\" aria-invalid=\"false\" \/><span class=\"wpcf7-list-item-label\">Adatkezel\u00e9si t\u00e1j\u00e9koztat\u00f3 elfogad\u00e1sa<\/span><\/label><\/span><\/span><\/span><\/div>\n<\/div>\n<div class=\"row\">\n<div class=\"col-xs-12 center-block text-center\">\n<input type=\"submit\" value=\"K\u00fcld\u00e9s\" class=\"wpcf7-form-control wpcf7-submit\" \/>\n<\/div>\n<\/div>\n<div class=\"wpcf7-response-output\" aria-hidden=\"true\"><\/div><\/form><\/div>\n","protected":false},"excerpt":{"rendered":"<p>UNIFERRO Kft. 8790 Zalaszentgr\u00f3t, M\u00e1jus 1 utca 23. C\u00e9gjegyz\u00e9ksz\u00e1m: 20-09-076421 Ad\u00f3sz\u00e1m: 23876051-2-20 \u00dcgyvezet\u0151 igazgat\u00f3:P\u0150D\u00d6R Csaba+36\/70\/408-0760podor.csaba@uniferro.hu K\u00f6zpont \/ Titk\u00e1rs\u00e1g:+36\/83\/562-900uniferro@uniferro.hu Termel\u00e9s:PETH\u0150 Tibor+36\/70\/420-0178muszak@uniferro.hu M\u0171szaki el\u0151k\u00e9sz\u00edt\u00e9s:PETH\u0150 Tibor+36\/70\/420-0178muszak@uniferro.hu K\u00f6nyvel\u00e9s-P\u00e9nz\u00fcgy:Klikk2Pro Group Kft. &amp; P\u0150D\u00d6R Csaba egyklikkre@gmail.com konyveles@uniferro.hupenzugy@uniferro.hu Min\u0151s\u00e9g\u00fcgy-MEO:mir@uniferro.hu Rakt\u00e1rgazd\u00e1lkod\u00e1s:raktar@uniferro.hu GPS koordin\u00e1ta: \u00c946,94182\u00b0 \/ K17,08375\u00b0 \u00dczenet k\u00fcld\u00e9se<\/p>\n","protected":false},"author":1,"featured_media":0,"parent":0,"menu_order":0,"comment_status":"closed","ping_status":"closed","template":"","meta":[],"_links":{"self":[{"href":"https:\/\/www.uniferro.hu\/hu\/wp-json\/wp\/v2\/pages\/56"}],"collection":[{"href":"https:\/\/www.uniferro.hu\/hu\/wp-json\/wp\/v2\/pages"}],"about":[{"href":"https:\/\/www.uniferro.hu\/hu\/wp-json\/wp\/v2\/types\/page"}],"author":[{"embeddable":true,"href":"https:\/\/www.uniferro.hu\/hu\/wp-json\/wp\/v2\/users\/1"}],"replies":[{"embeddable":true,"href":"https:\/\/www.uniferro.hu\/hu\/wp-json\/wp\/v2\/comments?post=56"}],"version-history":[{"count":20,"href":"https:\/\/www.uniferro.hu\/hu\/wp-json\/wp\/v2\/pages\/56\/revisions"}],"predecessor-version":[{"id":2293,"href":"https:\/\/www.uniferro.hu\/hu\/wp-json\/wp\/v2\/pages\/56\/revisions\/2293"}],"wp:attachment":[{"href":"https:\/\/www.uniferro.hu\/hu\/wp-json\/wp\/v2\/media?parent=56"}],"curies":[{"name":"wp","href":"https:\/\/api.w.org\/{rel}","templated":true}]}}