{"id":217,"date":"2019-08-28T16:45:53","date_gmt":"2019-08-28T16:45:53","guid":{"rendered":"https:\/\/www.uniferro.hu\/?post_type=product&#038;p=217"},"modified":"2020-01-06T19:13:53","modified_gmt":"2020-01-06T19:13:53","slug":"ug-tipusu-gozkazan","status":"publish","type":"product","link":"https:\/\/www.uniferro.hu\/hu\/termek\/ug-tipusu-gozkazan\/","title":{"rendered":"UG t\u00edpus\u00fa g\u0151zkaz\u00e1n"},"content":{"rendered":"<iframe class=\"wonderplugin-pdf-iframe\" src=\"https:\/\/www.uniferro.hu\/wp-content\/plugins\/wonderplugin-pdf-embed\/pdfjs\/web\/viewer.html?file=https%3A%2F%2Fwww.uniferro.hu%2Fwp-content%2Fuploads%2F2019%2F08%2Fug_ismerteto.pdf\" width=\"100%\" style=\"border: none; height: 80vh\"><\/iframe>\n","protected":false},"excerpt":{"rendered":"[uniferro_kazan_kalkulator label=\"Biomassza-g\u00e1zkaz\u00e1n kalkul\u00e1tor\"]\n","protected":false},"featured_media":99,"template":"","meta":[],"_links":{"self":[{"href":"https:\/\/www.uniferro.hu\/hu\/wp-json\/wp\/v2\/product\/217"}],"collection":[{"href":"https:\/\/www.uniferro.hu\/hu\/wp-json\/wp\/v2\/product"}],"about":[{"href":"https:\/\/www.uniferro.hu\/hu\/wp-json\/wp\/v2\/types\/product"}],"wp:featuredmedia":[{"embeddable":true,"href":"https:\/\/www.uniferro.hu\/hu\/wp-json\/wp\/v2\/media\/99"}],"wp:attachment":[{"href":"https:\/\/www.uniferro.hu\/hu\/wp-json\/wp\/v2\/media?parent=217"}],"curies":[{"name":"wp","href":"https:\/\/api.w.org\/{rel}","templated":true}]}}