{"id":221,"date":"2019-08-28T16:53:44","date_gmt":"2019-08-28T16:53:44","guid":{"rendered":"https:\/\/www.uniferro.hu\/?post_type=product&#038;p=221"},"modified":"2020-10-08T10:39:29","modified_gmt":"2020-10-08T10:39:29","slug":"ugf-gyorsgozfejleszto","status":"publish","type":"product","link":"https:\/\/www.uniferro.hu\/hu\/termek\/ugf-gyorsgozfejleszto\/","title":{"rendered":"UGF gyorsg\u0151zfejleszt\u0151"},"content":{"rendered":"<iframe class=\"wonderplugin-pdf-iframe\" src=\"https:\/\/www.uniferro.hu\/wp-content\/plugins\/wonderplugin-pdf-embed\/pdfjs\/web\/viewer.html?file=https%3A%2F%2Fwww.uniferro.hu%2Fwp-content%2Fuploads%2F2019%2F08%2Fugf-gyorsgozfejleszto-ismerteto.pdf\" width=\"100%\" style=\"border: none; height: 80vh\"><\/iframe>\n","protected":false},"excerpt":{"rendered":"<p>A <strong>gyorsg\u0151zfejleszt\u0151inket<\/strong> hagyom\u00e1nyosan centrifug\u00e1l szivatty\u00faval \u00e9s folyamatos szab\u00e1lyoz\u00e1s\u00fa \u00e9g\u0151vel l\u00e1tjuk el, valamint v\u00edz\u00e1tfoly\u00e1s szab\u00e1lyoz\u00f3val szerelj\u00fck, amely a <strong>pillanatnyi ig\u00e9nyeknek<\/strong> megfelel\u0151 g\u0151ztermel\u00e9st biztos\u00edt.<\/p>\n","protected":false},"featured_media":376,"template":"","meta":[],"_links":{"self":[{"href":"https:\/\/www.uniferro.hu\/hu\/wp-json\/wp\/v2\/product\/221"}],"collection":[{"href":"https:\/\/www.uniferro.hu\/hu\/wp-json\/wp\/v2\/product"}],"about":[{"href":"https:\/\/www.uniferro.hu\/hu\/wp-json\/wp\/v2\/types\/product"}],"wp:featuredmedia":[{"embeddable":true,"href":"https:\/\/www.uniferro.hu\/hu\/wp-json\/wp\/v2\/media\/376"}],"wp:attachment":[{"href":"https:\/\/www.uniferro.hu\/hu\/wp-json\/wp\/v2\/media?parent=221"}],"curies":[{"name":"wp","href":"https:\/\/api.w.org\/{rel}","templated":true}]}}